{"id":14,"date":"2024-04-18T14:50:53","date_gmt":"2024-04-18T12:50:53","guid":{"rendered":"https:\/\/graflux.instawp.app\/?page_id=14"},"modified":"2024-06-14T10:47:11","modified_gmt":"2024-06-14T08:47:11","slug":"examples","status":"publish","type":"page","link":"https:\/\/graflux.com\/fr\/examples\/","title":{"rendered":"Exemples"},"content":{"rendered":"<div data-elementor-type=\"wp-page\" data-elementor-id=\"14\" class=\"elementor elementor-14\" data-elementor-post-type=\"page\">\n\t\t\t\t<div class=\"elementor-element elementor-element-5910d76 e-flex e-con-boxed e-con e-parent\" data-id=\"5910d76\" data-element_type=\"container\" data-e-type=\"container\">\n\t\t\t\t\t<div class=\"e-con-inner\">\n\t\t<div class=\"elementor-element elementor-element-4c0dd18 e-con-full e-flex e-con e-child\" data-id=\"4c0dd18\" data-element_type=\"container\" data-e-type=\"container\">\n\t\t\t\t<div class=\"elementor-element elementor-element-a8a4617 elementor-widget__width-inherit elementor-widget elementor-widget-heading\" data-id=\"a8a4617\" data-element_type=\"widget\" data-e-type=\"widget\" data-widget_type=\"heading.default\">\n\t\t\t\t<div class=\"elementor-widget-container\">\n\t\t\t\t\t<h1 class=\"elementor-heading-title elementor-size-default\">Exemples Graflux<\/h1>\t\t\t\t<\/div>\n\t\t\t\t<\/div>\n\t\t\t\t<div class=\"elementor-element elementor-element-c57d4c4 elementor-widget__width-inherit elementor-widget elementor-widget-text-editor\" data-id=\"c57d4c4\" data-element_type=\"widget\" data-e-type=\"widget\" data-widget_type=\"text-editor.default\">\n\t\t\t\t<div class=\"elementor-widget-container\">\n\t\t\t\t\t\t\t\t\t<p>Les plaques Graflux II, III et IV vous offrent chaque jour la meilleure qualit\u00e9 de gravure. Voici quelques exemples que nous avons r\u00e9alis\u00e9s!<\/p>\t\t\t\t\t\t\t\t<\/div>\n\t\t\t\t<\/div>\n\t\t\t\t<\/div>\n\t\t<div class=\"elementor-element elementor-element-9918b00 e-con-full e-flex e-con e-child\" data-id=\"9918b00\" data-element_type=\"container\" data-e-type=\"container\">\n\t\t\t\t<div class=\"elementor-element elementor-element-e08ef1f elementor-widget elementor-widget-gallery\" data-id=\"e08ef1f\" data-element_type=\"widget\" data-e-type=\"widget\" data-settings=\"{&quot;columns&quot;:3,&quot;lazyload&quot;:&quot;yes&quot;,&quot;gallery_layout&quot;:&quot;grid&quot;,&quot;columns_tablet&quot;:2,&quot;columns_mobile&quot;:1,&quot;gap&quot;:{&quot;unit&quot;:&quot;px&quot;,&quot;size&quot;:10,&quot;sizes&quot;:[]},&quot;gap_tablet&quot;:{&quot;unit&quot;:&quot;px&quot;,&quot;size&quot;:10,&quot;sizes&quot;:[]},&quot;gap_mobile&quot;:{&quot;unit&quot;:&quot;px&quot;,&quot;size&quot;:10,&quot;sizes&quot;:[]},&quot;link_to&quot;:&quot;file&quot;,&quot;aspect_ratio&quot;:&quot;3:2&quot;,&quot;content_hover_animation&quot;:&quot;fade-in&quot;}\" data-widget_type=\"gallery.default\">\n\t\t\t\t<div class=\"elementor-widget-container\">\n\t\t\t\t\t\t\t<div class=\"elementor-gallery__container\">\n\t\t\t\t\t\t\t<a class=\"e-gallery-item elementor-gallery-item elementor-animated-content\" href=\"https:\/\/graflux.com\/wp-content\/uploads\/2024\/04\/gauloises.jpg\" data-elementor-open-lightbox=\"yes\" data-elementor-lightbox-slideshow=\"e08ef1f\" data-elementor-lightbox-title=\"sdr\" data-e-action-hash=\"#elementor-action%3Aaction%3Dlightbox%26settings%3DeyJpZCI6MTQ3LCJ1cmwiOiJodHRwczpcL1wvZ3JhZmx1eC5jb21cL3dwLWNvbnRlbnRcL3VwbG9hZHNcLzIwMjRcLzA0XC9nYXVsb2lzZXMuanBnIiwic2xpZGVzaG93IjoiZTA4ZWYxZiJ9\">\n\t\t\t\t\t<div class=\"e-gallery-image elementor-gallery-item__image\" data-thumbnail=\"https:\/\/graflux.com\/wp-content\/uploads\/2024\/04\/gauloises-375x500.jpg\" data-width=\"375\" data-height=\"500\" aria-label=\"\" role=\"img\" ><\/div>\n\t\t\t\t\t\t\t\t\t\t\t\t\t\t<\/a>\n\t\t\t\t\t\t\t<a class=\"e-gallery-item elementor-gallery-item elementor-animated-content\" href=\"https:\/\/graflux.com\/wp-content\/uploads\/2024\/04\/vw-bus-7.jpg\" data-elementor-open-lightbox=\"yes\" data-elementor-lightbox-slideshow=\"e08ef1f\" data-elementor-lightbox-title=\"cof\" data-e-action-hash=\"#elementor-action%3Aaction%3Dlightbox%26settings%3DeyJpZCI6MTQ2LCJ1cmwiOiJodHRwczpcL1wvZ3JhZmx1eC5jb21cL3dwLWNvbnRlbnRcL3VwbG9hZHNcLzIwMjRcLzA0XC92dy1idXMtNy5qcGciLCJzbGlkZXNob3ciOiJlMDhlZjFmIn0%3D\">\n\t\t\t\t\t<div class=\"e-gallery-image elementor-gallery-item__image\" data-thumbnail=\"https:\/\/graflux.com\/wp-content\/uploads\/2024\/04\/vw-bus-7-375x500.jpg\" data-width=\"375\" data-height=\"500\" aria-label=\"Graflux 3 plaques de gravure pour machines \u00e0 graver laser\" role=\"img\" ><\/div>\n\t\t\t\t\t\t\t\t\t\t\t\t\t\t<\/a>\n\t\t\t\t\t\t\t<a class=\"e-gallery-item elementor-gallery-item elementor-animated-content\" href=\"https:\/\/graflux.com\/wp-content\/uploads\/2024\/04\/Coca-cola.jpg\" data-elementor-open-lightbox=\"yes\" data-elementor-lightbox-slideshow=\"e08ef1f\" data-elementor-lightbox-title=\"cof\" data-e-action-hash=\"#elementor-action%3Aaction%3Dlightbox%26settings%3DeyJpZCI6MTQ1LCJ1cmwiOiJodHRwczpcL1wvZ3JhZmx1eC5jb21cL3dwLWNvbnRlbnRcL3VwbG9hZHNcLzIwMjRcLzA0XC9Db2NhLWNvbGEuanBnIiwic2xpZGVzaG93IjoiZTA4ZWYxZiJ9\">\n\t\t\t\t\t<div class=\"e-gallery-image elementor-gallery-item__image\" data-thumbnail=\"https:\/\/graflux.com\/wp-content\/uploads\/2024\/04\/Coca-cola-375x500.jpg\" data-width=\"375\" data-height=\"500\" aria-label=\"\" role=\"img\" ><\/div>\n\t\t\t\t\t\t\t\t\t\t\t\t\t\t<\/a>\n\t\t\t\t\t\t\t<a class=\"e-gallery-item elementor-gallery-item elementor-animated-content\" href=\"https:\/\/graflux.com\/wp-content\/uploads\/2024\/04\/Gralux-4.jpg\" data-elementor-open-lightbox=\"yes\" data-elementor-lightbox-slideshow=\"e08ef1f\" data-elementor-lightbox-title=\"Gralux 4\" data-e-action-hash=\"#elementor-action%3Aaction%3Dlightbox%26settings%3DeyJpZCI6ODksInVybCI6Imh0dHBzOlwvXC9ncmFmbHV4LmNvbVwvd3AtY29udGVudFwvdXBsb2Fkc1wvMjAyNFwvMDRcL0dyYWx1eC00LmpwZyIsInNsaWRlc2hvdyI6ImUwOGVmMWYifQ%3D%3D\">\n\t\t\t\t\t<div class=\"e-gallery-image elementor-gallery-item__image\" data-thumbnail=\"https:\/\/graflux.com\/wp-content\/uploads\/2024\/04\/Gralux-4-500x334.jpg\" data-width=\"500\" data-height=\"334\" aria-label=\"Graflux 4 gravure miroir\" role=\"img\" ><\/div>\n\t\t\t\t\t\t\t\t\t\t\t\t\t\t<\/a>\n\t\t\t\t\t\t\t<a class=\"e-gallery-item elementor-gallery-item elementor-animated-content\" href=\"https:\/\/graflux.com\/wp-content\/uploads\/2024\/04\/Graflux-2.jpg\" data-elementor-open-lightbox=\"yes\" data-elementor-lightbox-slideshow=\"e08ef1f\" data-elementor-lightbox-title=\"Graflux 2\" data-e-action-hash=\"#elementor-action%3Aaction%3Dlightbox%26settings%3DeyJpZCI6ODEsInVybCI6Imh0dHBzOlwvXC9ncmFmbHV4LmNvbVwvd3AtY29udGVudFwvdXBsb2Fkc1wvMjAyNFwvMDRcL0dyYWZsdXgtMi5qcGciLCJzbGlkZXNob3ciOiJlMDhlZjFmIn0%3D\">\n\t\t\t\t\t<div class=\"e-gallery-image elementor-gallery-item__image\" data-thumbnail=\"https:\/\/graflux.com\/wp-content\/uploads\/2024\/04\/Graflux-2-500x334.jpg\" data-width=\"500\" data-height=\"334\" aria-label=\"\" role=\"img\" ><\/div>\n\t\t\t\t\t\t\t\t\t\t\t\t\t\t<\/a>\n\t\t\t\t\t\t\t<a class=\"e-gallery-item elementor-gallery-item elementor-animated-content\" href=\"https:\/\/graflux.com\/wp-content\/uploads\/2024\/04\/Graflux-3.jpg\" data-elementor-open-lightbox=\"yes\" data-elementor-lightbox-slideshow=\"e08ef1f\" data-elementor-lightbox-title=\"Graflux 3\" data-e-action-hash=\"#elementor-action%3Aaction%3Dlightbox%26settings%3DeyJpZCI6ODAsInVybCI6Imh0dHBzOlwvXC9ncmFmbHV4LmNvbVwvd3AtY29udGVudFwvdXBsb2Fkc1wvMjAyNFwvMDRcL0dyYWZsdXgtMy5qcGciLCJzbGlkZXNob3ciOiJlMDhlZjFmIn0%3D\">\n\t\t\t\t\t<div class=\"e-gallery-image elementor-gallery-item__image\" data-thumbnail=\"https:\/\/graflux.com\/wp-content\/uploads\/2024\/04\/Graflux-3-500x334.jpg\" data-width=\"500\" data-height=\"334\" aria-label=\"Graflux 3 plaques de gravure pour machines \u00e0 graver laser\" role=\"img\" ><\/div>\n\t\t\t\t\t\t\t\t\t\t\t\t\t\t<\/a>\n\t\t\t\t\t<\/div>\n\t\t\t\t\t<\/div>\n\t\t\t\t<\/div>\n\t\t\t\t<\/div>\n\t\t\t\t\t<\/div>\n\t\t\t\t<\/div>\n\t\t\t\t<\/div>","protected":false},"excerpt":{"rendered":"<p>Graflux Examples Graflux II, III and IV offer you the highest engraving quality every day. Here are some examples we made!<\/p>","protected":false},"author":1,"featured_media":0,"parent":0,"menu_order":0,"comment_status":"closed","ping_status":"closed","template":"","meta":{"_seopress_robots_primary_cat":"","_seopress_titles_title":"","_seopress_titles_desc":"","_seopress_robots_index":"","iawp_total_views":494,"footnotes":""},"class_list":["post-14","page","type-page","status-publish","hentry"],"_links":{"self":[{"href":"https:\/\/graflux.com\/fr\/wp-json\/wp\/v2\/pages\/14","targetHints":{"allow":["GET"]}}],"collection":[{"href":"https:\/\/graflux.com\/fr\/wp-json\/wp\/v2\/pages"}],"about":[{"href":"https:\/\/graflux.com\/fr\/wp-json\/wp\/v2\/types\/page"}],"author":[{"embeddable":true,"href":"https:\/\/graflux.com\/fr\/wp-json\/wp\/v2\/users\/1"}],"replies":[{"embeddable":true,"href":"https:\/\/graflux.com\/fr\/wp-json\/wp\/v2\/comments?post=14"}],"version-history":[{"count":19,"href":"https:\/\/graflux.com\/fr\/wp-json\/wp\/v2\/pages\/14\/revisions"}],"predecessor-version":[{"id":499,"href":"https:\/\/graflux.com\/fr\/wp-json\/wp\/v2\/pages\/14\/revisions\/499"}],"wp:attachment":[{"href":"https:\/\/graflux.com\/fr\/wp-json\/wp\/v2\/media?parent=14"}],"curies":[{"name":"wp","href":"https:\/\/api.w.org\/{rel}","templated":true}]}}